{"id":108,"date":"2020-05-04T21:16:34","date_gmt":"2020-05-04T20:16:34","guid":{"rendered":"https:\/\/www.michael-glueck-verlag.de\/?page_id=108"},"modified":"2021-01-31T15:37:16","modified_gmt":"2021-01-31T14:37:16","slug":"prinzessin-schneeflocke","status":"publish","type":"page","link":"https:\/\/www.michael-glueck-verlag.de\/index.php\/prinzessin-schneeflocke\/","title":{"rendered":"Prinzessin Schneeflocke"},"content":{"rendered":"\n<div class=\"wp-block-image\"><figure class=\"alignright size-large is-resized\"><img loading=\"lazy\" decoding=\"async\" src=\"https:\/\/www.michael-glueck-verlag.de\/wp-content\/uploads\/2020\/05\/19-Prinzessin-Schneeflocke_web.jpg\" alt=\"\" class=\"wp-image-109\" width=\"174\" height=\"271\" srcset=\"https:\/\/www.michael-glueck-verlag.de\/wp-content\/uploads\/2020\/05\/19-Prinzessin-Schneeflocke_web.jpg 287w, https:\/\/www.michael-glueck-verlag.de\/wp-content\/uploads\/2020\/05\/19-Prinzessin-Schneeflocke_web-192x300.jpg 192w\" sizes=\"auto, (max-width: 174px) 100vw, 174px\" \/><\/figure><\/div>\n\n\n\n<p>Vor langer, langer Zeit lebte einmal ein kleiner Junge mit seiner Gro\u00dfmutter. Die beiden waren so arm, dass sie nicht einmal ein Bett besa\u00dfen, sondern sich auf einer alten Decke ihr Nachtlager richten mussten. Wenn der Winter kam, froren sie bitterlich.<\/p>\n\n\n\n<p>Trotzdem war der Junge immer fr\u00f6hlich und guter Dinge.<\/p>\n\n\n\n<p>\u00dcberall, wo man ihn brauchen konnte, half er und verdiente sich auf diese Weise manches Scherflein. Das verbrauchte er aber nicht f\u00fcr sich, sondern er legte es auf die Seite. Er wollte davon seiner Gro\u00dfmutter einen neuen Mantel kaufen, denn der alte bestand fast nur noch aus L\u00f6chern.<\/p>\n\n\n\n<p>Jeden Abend, sobald der Junge seine Arbeit bei den Leuten getan hatte, begab er sich in den Wald. Hier suchte er Holz, damit sie im Winter ein w\u00e4rmendes Feuer machen konnten.<\/p>\n\n\n\n<p>Als aber der Winter einmal besonders lange dauerte, ging ihnen das Holz aus. Da blieb dem Jungen nichts anderes \u00fcbrig, als sich nach einigen \u00c4sten umzusehen, die von den B\u00e4umen gefallen waren. Jedoch \u00fcberall lag Schnee, und es dauerte eine Weile, bis er einen kleinen Vorrat zusammengebracht hatte.<\/p>\n\n\n\n<p>Gerade wollte er sich auf den Heimweg machen, da h\u00f6rte er ein zartes Stimmchen. Er sah um sich und erblickte ein Elflein in einem d\u00fcnnen, wei\u00dfen Gewand.<\/p>\n\n\n\n<p>\u201eWer bist du\u201c, fragte er.<\/p>\n\n\n\n<figure class=\"wp-block-audio\"><audio controls src=\"https:\/\/www.michael-glueck-verlag.de\/wp-content\/uploads\/2020\/06\/Schneeflocke.mp3\"><\/audio><figcaption>Auszug &#8211; gelesen von C. C. Creutzburg<\/figcaption><\/figure>\n","protected":false},"excerpt":{"rendered":"<p>Vor langer, langer Zeit lebte einmal ein kleiner Junge mit seiner Gro\u00dfmutter. Die beiden waren so arm, dass sie nicht einmal ein Bett besa\u00dfen, sondern sich auf einer alten Decke ihr Nachtlager richten mussten. Wenn der Winter kam, froren sie bitterlich. Trotzdem war der Junge immer fr\u00f6hlich und guter Dinge. \u00dcberall, wo man ihn brauchen &hellip; <\/p>\n<p class=\"link-more\"><a href=\"https:\/\/www.michael-glueck-verlag.de\/index.php\/prinzessin-schneeflocke\/\" class=\"more-link\">Continue reading<span class=\"screen-reader-text\"> &#8222;Prinzessin Schneeflocke&#8220;<\/span><\/a><\/p>\n","protected":false},"author":1,"featured_media":0,"parent":0,"menu_order":0,"comment_status":"closed","ping_status":"closed","template":"","meta":{"footnotes":""},"class_list":["post-108","page","type-page","status-publish","hentry"],"yoast_head":"<!-- This site is optimized with the Yoast SEO plugin v27.4 - https:\/\/yoast.com\/product\/yoast-seo-wordpress\/ -->\n<title>Prinzessin Schneeflocke ~ GL\u00dcCK VERLAG<\/title>\n<meta name=\"robots\" content=\"index, follow, max-snippet:-1, max-image-preview:large, max-video-preview:-1\" \/>\n<link rel=\"canonical\" href=\"https:\/\/www.michael-glueck-verlag.de\/index.php\/prinzessin-schneeflocke\/\" \/>\n<meta property=\"og:locale\" content=\"de_DE\" \/>\n<meta property=\"og:type\" content=\"article\" \/>\n<meta property=\"og:title\" content=\"Prinzessin Schneeflocke ~ GL\u00dcCK VERLAG\" \/>\n<meta property=\"og:description\" content=\"Vor langer, langer Zeit lebte einmal ein kleiner Junge mit seiner Gro\u00dfmutter. Die beiden waren so arm, dass sie nicht einmal ein Bett besa\u00dfen, sondern sich auf einer alten Decke ihr Nachtlager richten mussten. Wenn der Winter kam, froren sie bitterlich. Trotzdem war der Junge immer fr\u00f6hlich und guter Dinge. \u00dcberall, wo man ihn brauchen &hellip; Continue reading &quot;Prinzessin Schneeflocke&quot;\" \/>\n<meta property=\"og:url\" content=\"https:\/\/www.michael-glueck-verlag.de\/index.php\/prinzessin-schneeflocke\/\" \/>\n<meta property=\"og:site_name\" content=\"GL\u00dcCK VERLAG\" \/>\n<meta property=\"article:modified_time\" content=\"2021-01-31T14:37:16+00:00\" \/>\n<meta property=\"og:image\" content=\"https:\/\/www.michael-glueck-verlag.de\/wp-content\/uploads\/2020\/05\/19-Prinzessin-Schneeflocke_web.jpg\" \/>\n<meta name=\"twitter:card\" content=\"summary_large_image\" \/>\n<meta name=\"twitter:label1\" content=\"Gesch\u00e4tzte Lesezeit\" \/>\n\t<meta name=\"twitter:data1\" content=\"1\u00a0Minute\" \/>\n<script type=\"application\/ld+json\" class=\"yoast-schema-graph\">{\"@context\":\"https:\\\/\\\/schema.org\",\"@graph\":[{\"@type\":\"WebPage\",\"@id\":\"https:\\\/\\\/www.michael-glueck-verlag.de\\\/index.php\\\/prinzessin-schneeflocke\\\/\",\"url\":\"https:\\\/\\\/www.michael-glueck-verlag.de\\\/index.php\\\/prinzessin-schneeflocke\\\/\",\"name\":\"Prinzessin Schneeflocke ~ GL\u00dcCK VERLAG\",\"isPartOf\":{\"@id\":\"https:\\\/\\\/www.michael-glueck-verlag.de\\\/#website\"},\"primaryImageOfPage\":{\"@id\":\"https:\\\/\\\/www.michael-glueck-verlag.de\\\/index.php\\\/prinzessin-schneeflocke\\\/#primaryimage\"},\"image\":{\"@id\":\"https:\\\/\\\/www.michael-glueck-verlag.de\\\/index.php\\\/prinzessin-schneeflocke\\\/#primaryimage\"},\"thumbnailUrl\":\"https:\\\/\\\/www.michael-glueck-verlag.de\\\/wp-content\\\/uploads\\\/2020\\\/05\\\/19-Prinzessin-Schneeflocke_web.jpg\",\"datePublished\":\"2020-05-04T20:16:34+00:00\",\"dateModified\":\"2021-01-31T14:37:16+00:00\",\"breadcrumb\":{\"@id\":\"https:\\\/\\\/www.michael-glueck-verlag.de\\\/index.php\\\/prinzessin-schneeflocke\\\/#breadcrumb\"},\"inLanguage\":\"de\",\"potentialAction\":[{\"@type\":\"ReadAction\",\"target\":[\"https:\\\/\\\/www.michael-glueck-verlag.de\\\/index.php\\\/prinzessin-schneeflocke\\\/\"]}]},{\"@type\":\"ImageObject\",\"inLanguage\":\"de\",\"@id\":\"https:\\\/\\\/www.michael-glueck-verlag.de\\\/index.php\\\/prinzessin-schneeflocke\\\/#primaryimage\",\"url\":\"https:\\\/\\\/www.michael-glueck-verlag.de\\\/wp-content\\\/uploads\\\/2020\\\/05\\\/19-Prinzessin-Schneeflocke_web.jpg\",\"contentUrl\":\"https:\\\/\\\/www.michael-glueck-verlag.de\\\/wp-content\\\/uploads\\\/2020\\\/05\\\/19-Prinzessin-Schneeflocke_web.jpg\",\"width\":287,\"height\":448},{\"@type\":\"BreadcrumbList\",\"@id\":\"https:\\\/\\\/www.michael-glueck-verlag.de\\\/index.php\\\/prinzessin-schneeflocke\\\/#breadcrumb\",\"itemListElement\":[{\"@type\":\"ListItem\",\"position\":1,\"name\":\"Startseite\",\"item\":\"https:\\\/\\\/www.michael-glueck-verlag.de\\\/\"},{\"@type\":\"ListItem\",\"position\":2,\"name\":\"Prinzessin Schneeflocke\"}]},{\"@type\":\"WebSite\",\"@id\":\"https:\\\/\\\/www.michael-glueck-verlag.de\\\/#website\",\"url\":\"https:\\\/\\\/www.michael-glueck-verlag.de\\\/\",\"name\":\"GL\u00dcCK VERLAG\",\"description\":\"Buchverlag\",\"publisher\":{\"@id\":\"https:\\\/\\\/www.michael-glueck-verlag.de\\\/#organization\"},\"potentialAction\":[{\"@type\":\"SearchAction\",\"target\":{\"@type\":\"EntryPoint\",\"urlTemplate\":\"https:\\\/\\\/www.michael-glueck-verlag.de\\\/?s={search_term_string}\"},\"query-input\":{\"@type\":\"PropertyValueSpecification\",\"valueRequired\":true,\"valueName\":\"search_term_string\"}}],\"inLanguage\":\"de\"},{\"@type\":\"Organization\",\"@id\":\"https:\\\/\\\/www.michael-glueck-verlag.de\\\/#organization\",\"name\":\"Gl\u00fcck Verlag\",\"url\":\"https:\\\/\\\/www.michael-glueck-verlag.de\\\/\",\"logo\":{\"@type\":\"ImageObject\",\"inLanguage\":\"de\",\"@id\":\"https:\\\/\\\/www.michael-glueck-verlag.de\\\/#\\\/schema\\\/logo\\\/image\\\/\",\"url\":\"https:\\\/\\\/www.michael-glueck-verlag.de\\\/wp-content\\\/uploads\\\/2020\\\/05\\\/4-Die-Blume-und-das-Reh-3_web.jpg\",\"contentUrl\":\"https:\\\/\\\/www.michael-glueck-verlag.de\\\/wp-content\\\/uploads\\\/2020\\\/05\\\/4-Die-Blume-und-das-Reh-3_web.jpg\",\"width\":383,\"height\":336,\"caption\":\"Gl\u00fcck Verlag\"},\"image\":{\"@id\":\"https:\\\/\\\/www.michael-glueck-verlag.de\\\/#\\\/schema\\\/logo\\\/image\\\/\"}}]}<\/script>\n<!-- \/ Yoast SEO plugin. -->","yoast_head_json":{"title":"Prinzessin Schneeflocke ~ GL\u00dcCK VERLAG","robots":{"index":"index","follow":"follow","max-snippet":"max-snippet:-1","max-image-preview":"max-image-preview:large","max-video-preview":"max-video-preview:-1"},"canonical":"https:\/\/www.michael-glueck-verlag.de\/index.php\/prinzessin-schneeflocke\/","og_locale":"de_DE","og_type":"article","og_title":"Prinzessin Schneeflocke ~ GL\u00dcCK VERLAG","og_description":"Vor langer, langer Zeit lebte einmal ein kleiner Junge mit seiner Gro\u00dfmutter. Die beiden waren so arm, dass sie nicht einmal ein Bett besa\u00dfen, sondern sich auf einer alten Decke ihr Nachtlager richten mussten. Wenn der Winter kam, froren sie bitterlich. Trotzdem war der Junge immer fr\u00f6hlich und guter Dinge. \u00dcberall, wo man ihn brauchen &hellip; Continue reading \"Prinzessin Schneeflocke\"","og_url":"https:\/\/www.michael-glueck-verlag.de\/index.php\/prinzessin-schneeflocke\/","og_site_name":"GL\u00dcCK VERLAG","article_modified_time":"2021-01-31T14:37:16+00:00","og_image":[{"url":"https:\/\/www.michael-glueck-verlag.de\/wp-content\/uploads\/2020\/05\/19-Prinzessin-Schneeflocke_web.jpg","type":"","width":"","height":""}],"twitter_card":"summary_large_image","twitter_misc":{"Gesch\u00e4tzte Lesezeit":"1\u00a0Minute"},"schema":{"@context":"https:\/\/schema.org","@graph":[{"@type":"WebPage","@id":"https:\/\/www.michael-glueck-verlag.de\/index.php\/prinzessin-schneeflocke\/","url":"https:\/\/www.michael-glueck-verlag.de\/index.php\/prinzessin-schneeflocke\/","name":"Prinzessin Schneeflocke ~ GL\u00dcCK VERLAG","isPartOf":{"@id":"https:\/\/www.michael-glueck-verlag.de\/#website"},"primaryImageOfPage":{"@id":"https:\/\/www.michael-glueck-verlag.de\/index.php\/prinzessin-schneeflocke\/#primaryimage"},"image":{"@id":"https:\/\/www.michael-glueck-verlag.de\/index.php\/prinzessin-schneeflocke\/#primaryimage"},"thumbnailUrl":"https:\/\/www.michael-glueck-verlag.de\/wp-content\/uploads\/2020\/05\/19-Prinzessin-Schneeflocke_web.jpg","datePublished":"2020-05-04T20:16:34+00:00","dateModified":"2021-01-31T14:37:16+00:00","breadcrumb":{"@id":"https:\/\/www.michael-glueck-verlag.de\/index.php\/prinzessin-schneeflocke\/#breadcrumb"},"inLanguage":"de","potentialAction":[{"@type":"ReadAction","target":["https:\/\/www.michael-glueck-verlag.de\/index.php\/prinzessin-schneeflocke\/"]}]},{"@type":"ImageObject","inLanguage":"de","@id":"https:\/\/www.michael-glueck-verlag.de\/index.php\/prinzessin-schneeflocke\/#primaryimage","url":"https:\/\/www.michael-glueck-verlag.de\/wp-content\/uploads\/2020\/05\/19-Prinzessin-Schneeflocke_web.jpg","contentUrl":"https:\/\/www.michael-glueck-verlag.de\/wp-content\/uploads\/2020\/05\/19-Prinzessin-Schneeflocke_web.jpg","width":287,"height":448},{"@type":"BreadcrumbList","@id":"https:\/\/www.michael-glueck-verlag.de\/index.php\/prinzessin-schneeflocke\/#breadcrumb","itemListElement":[{"@type":"ListItem","position":1,"name":"Startseite","item":"https:\/\/www.michael-glueck-verlag.de\/"},{"@type":"ListItem","position":2,"name":"Prinzessin Schneeflocke"}]},{"@type":"WebSite","@id":"https:\/\/www.michael-glueck-verlag.de\/#website","url":"https:\/\/www.michael-glueck-verlag.de\/","name":"GL\u00dcCK VERLAG","description":"Buchverlag","publisher":{"@id":"https:\/\/www.michael-glueck-verlag.de\/#organization"},"potentialAction":[{"@type":"SearchAction","target":{"@type":"EntryPoint","urlTemplate":"https:\/\/www.michael-glueck-verlag.de\/?s={search_term_string}"},"query-input":{"@type":"PropertyValueSpecification","valueRequired":true,"valueName":"search_term_string"}}],"inLanguage":"de"},{"@type":"Organization","@id":"https:\/\/www.michael-glueck-verlag.de\/#organization","name":"Gl\u00fcck Verlag","url":"https:\/\/www.michael-glueck-verlag.de\/","logo":{"@type":"ImageObject","inLanguage":"de","@id":"https:\/\/www.michael-glueck-verlag.de\/#\/schema\/logo\/image\/","url":"https:\/\/www.michael-glueck-verlag.de\/wp-content\/uploads\/2020\/05\/4-Die-Blume-und-das-Reh-3_web.jpg","contentUrl":"https:\/\/www.michael-glueck-verlag.de\/wp-content\/uploads\/2020\/05\/4-Die-Blume-und-das-Reh-3_web.jpg","width":383,"height":336,"caption":"Gl\u00fcck Verlag"},"image":{"@id":"https:\/\/www.michael-glueck-verlag.de\/#\/schema\/logo\/image\/"}}]}},"jetpack-related-posts":[],"jetpack_shortlink":"https:\/\/wp.me\/PbY91u-1K","jetpack_sharing_enabled":true,"_links":{"self":[{"href":"https:\/\/www.michael-glueck-verlag.de\/index.php\/wp-json\/wp\/v2\/pages\/108","targetHints":{"allow":["GET"]}}],"collection":[{"href":"https:\/\/www.michael-glueck-verlag.de\/index.php\/wp-json\/wp\/v2\/pages"}],"about":[{"href":"https:\/\/www.michael-glueck-verlag.de\/index.php\/wp-json\/wp\/v2\/types\/page"}],"author":[{"embeddable":true,"href":"https:\/\/www.michael-glueck-verlag.de\/index.php\/wp-json\/wp\/v2\/users\/1"}],"replies":[{"embeddable":true,"href":"https:\/\/www.michael-glueck-verlag.de\/index.php\/wp-json\/wp\/v2\/comments?post=108"}],"version-history":[{"count":5,"href":"https:\/\/www.michael-glueck-verlag.de\/index.php\/wp-json\/wp\/v2\/pages\/108\/revisions"}],"predecessor-version":[{"id":165,"href":"https:\/\/www.michael-glueck-verlag.de\/index.php\/wp-json\/wp\/v2\/pages\/108\/revisions\/165"}],"wp:attachment":[{"href":"https:\/\/www.michael-glueck-verlag.de\/index.php\/wp-json\/wp\/v2\/media?parent=108"}],"curies":[{"name":"wp","href":"https:\/\/api.w.org\/{rel}","templated":true}]}}