{"id":166,"date":"2020-06-05T17:13:49","date_gmt":"2020-06-05T16:13:49","guid":{"rendered":"https:\/\/www.michael-glueck-verlag.de\/?page_id=166"},"modified":"2022-06-07T17:24:10","modified_gmt":"2022-06-07T16:24:10","slug":"der-wolkenhund","status":"publish","type":"page","link":"https:\/\/www.michael-glueck-verlag.de\/index.php\/der-wolkenhund\/","title":{"rendered":"Der Wolkenhund"},"content":{"rendered":"<div class=\"wp-block-image\">\n<figure class=\"alignright size-large is-resized\"><img loading=\"lazy\" decoding=\"async\" src=\"https:\/\/www.michael-glueck-verlag.de\/wp-content\/uploads\/2020\/06\/Der_Wolkenhund_klein.jpg\" alt=\"\" class=\"wp-image-167\" width=\"292\" height=\"208\" srcset=\"https:\/\/www.michael-glueck-verlag.de\/wp-content\/uploads\/2020\/06\/Der_Wolkenhund_klein.jpg 448w, https:\/\/www.michael-glueck-verlag.de\/wp-content\/uploads\/2020\/06\/Der_Wolkenhund_klein-300x214.jpg 300w\" sizes=\"auto, (max-width: 292px) 100vw, 292px\" \/><\/figure><\/div>\n\n\n<p>Vor langer, langer Zeit lebte einmal eine Hexe. Die wohnte in einem kleinen H\u00e4uschen inmitten eines gro\u00dfen Waldes. Sie spann Tag f\u00fcr Tag an einem d\u00fcnnen Faden. Von Zeit zu Zeit schnitt sie ihn in St\u00fccke. Damit band sie die Wolken an und zog diese hin und her, wie es ihr gefiel. Von den Menschen und Tieren wollte sie nichts wissen.<\/p>\n\n\n\n<p>Da geschah es eines Tages, dass sich ein kleines M\u00e4dchen im Walde verirrte und endlich vor dem Hexenh\u00e4uschen stand.<\/p>\n\n\n\n<p>\u201eEi, ei, was kommt denn da\u201c, rief die Hexe, als sie die Kleine erblickte.<\/p>\n\n\n\n<p>\u201eWie hei\u00dft du denn\u201c, fragte sie dann.<\/p>\n\n\n\n<p>Das kleine M\u00e4dchen zitterte am ganzen Leibe, so sehr f\u00fcrchtete sie sich vor der Hexe, aber es antwortete artig: \u201eIch hei\u00dfe Ulla.\u201c Da sagte die Hexe mit falscher Freundlichkeit: \u201eKomm nur herein. Ich habe viel zu spinnen, dabei kannst du mir helfen.\u201c<\/p>\n\n\n\n<figure class=\"wp-block-audio\"><audio controls src=\"https:\/\/www.michael-glueck-verlag.de\/wp-content\/uploads\/2020\/06\/Der_Wolkenhund.mp3\"><\/audio><figcaption>Auszug &#8211; gelesen von C. C. Creutzburg<\/figcaption><\/figure>\n","protected":false},"excerpt":{"rendered":"<p>Vor langer, langer Zeit lebte einmal eine Hexe. Die wohnte in einem kleinen H\u00e4uschen inmitten eines gro\u00dfen Waldes. Sie spann Tag f\u00fcr Tag an einem d\u00fcnnen Faden. Von Zeit zu Zeit schnitt sie ihn in St\u00fccke. Damit band sie die Wolken an und zog diese hin und her, wie es ihr gefiel. Von den Menschen &hellip; <\/p>\n<p class=\"link-more\"><a href=\"https:\/\/www.michael-glueck-verlag.de\/index.php\/der-wolkenhund\/\" class=\"more-link\">Continue reading<span class=\"screen-reader-text\"> &#8222;Der Wolkenhund&#8220;<\/span><\/a><\/p>\n","protected":false},"author":1,"featured_media":167,"parent":0,"menu_order":0,"comment_status":"closed","ping_status":"closed","template":"","meta":{"footnotes":""},"class_list":["post-166","page","type-page","status-publish","has-post-thumbnail","hentry"],"yoast_head":"<!-- This site is optimized with the Yoast SEO plugin v27.4 - https:\/\/yoast.com\/product\/yoast-seo-wordpress\/ -->\n<title>Der Wolkenhund ~ GL\u00dcCK VERLAG<\/title>\n<meta name=\"description\" content=\"Vor langer, langer Zeit lebte einmal eine Hexe. Die wohnte in einem kleinen H\u00e4uschen inmitten eines gro\u00dfen Waldes.\" \/>\n<meta name=\"robots\" content=\"index, follow, max-snippet:-1, max-image-preview:large, max-video-preview:-1\" \/>\n<link rel=\"canonical\" href=\"https:\/\/www.michael-glueck-verlag.de\/index.php\/der-wolkenhund\/\" \/>\n<meta property=\"og:locale\" content=\"de_DE\" \/>\n<meta property=\"og:type\" content=\"article\" \/>\n<meta property=\"og:title\" content=\"Der Wolkenhund ~ GL\u00dcCK VERLAG\" \/>\n<meta property=\"og:description\" content=\"Vor langer, langer Zeit lebte einmal eine Hexe. Die wohnte in einem kleinen H\u00e4uschen inmitten eines gro\u00dfen Waldes.\" \/>\n<meta property=\"og:url\" content=\"https:\/\/www.michael-glueck-verlag.de\/index.php\/der-wolkenhund\/\" \/>\n<meta property=\"og:site_name\" content=\"GL\u00dcCK VERLAG\" \/>\n<meta property=\"article:modified_time\" content=\"2022-06-07T16:24:10+00:00\" \/>\n<meta property=\"og:image\" content=\"https:\/\/www.michael-glueck-verlag.de\/wp-content\/uploads\/2020\/06\/Der_Wolkenhund_klein.jpg\" \/>\n\t<meta property=\"og:image:width\" content=\"448\" \/>\n\t<meta property=\"og:image:height\" content=\"320\" \/>\n\t<meta property=\"og:image:type\" content=\"image\/jpeg\" \/>\n<meta name=\"twitter:card\" content=\"summary_large_image\" \/>\n<meta name=\"twitter:label1\" content=\"Gesch\u00e4tzte Lesezeit\" \/>\n\t<meta name=\"twitter:data1\" content=\"2\u00a0Minuten\" \/>\n<script type=\"application\/ld+json\" class=\"yoast-schema-graph\">{\"@context\":\"https:\\\/\\\/schema.org\",\"@graph\":[{\"@type\":\"WebPage\",\"@id\":\"https:\\\/\\\/www.michael-glueck-verlag.de\\\/index.php\\\/der-wolkenhund\\\/\",\"url\":\"https:\\\/\\\/www.michael-glueck-verlag.de\\\/index.php\\\/der-wolkenhund\\\/\",\"name\":\"Der Wolkenhund ~ GL\u00dcCK VERLAG\",\"isPartOf\":{\"@id\":\"https:\\\/\\\/www.michael-glueck-verlag.de\\\/#website\"},\"primaryImageOfPage\":{\"@id\":\"https:\\\/\\\/www.michael-glueck-verlag.de\\\/index.php\\\/der-wolkenhund\\\/#primaryimage\"},\"image\":{\"@id\":\"https:\\\/\\\/www.michael-glueck-verlag.de\\\/index.php\\\/der-wolkenhund\\\/#primaryimage\"},\"thumbnailUrl\":\"https:\\\/\\\/www.michael-glueck-verlag.de\\\/wp-content\\\/uploads\\\/2020\\\/06\\\/Der_Wolkenhund_klein.jpg\",\"datePublished\":\"2020-06-05T16:13:49+00:00\",\"dateModified\":\"2022-06-07T16:24:10+00:00\",\"description\":\"Vor langer, langer Zeit lebte einmal eine Hexe. Die wohnte in einem kleinen H\u00e4uschen inmitten eines gro\u00dfen Waldes.\",\"breadcrumb\":{\"@id\":\"https:\\\/\\\/www.michael-glueck-verlag.de\\\/index.php\\\/der-wolkenhund\\\/#breadcrumb\"},\"inLanguage\":\"de\",\"potentialAction\":[{\"@type\":\"ReadAction\",\"target\":[\"https:\\\/\\\/www.michael-glueck-verlag.de\\\/index.php\\\/der-wolkenhund\\\/\"]}]},{\"@type\":\"ImageObject\",\"inLanguage\":\"de\",\"@id\":\"https:\\\/\\\/www.michael-glueck-verlag.de\\\/index.php\\\/der-wolkenhund\\\/#primaryimage\",\"url\":\"https:\\\/\\\/www.michael-glueck-verlag.de\\\/wp-content\\\/uploads\\\/2020\\\/06\\\/Der_Wolkenhund_klein.jpg\",\"contentUrl\":\"https:\\\/\\\/www.michael-glueck-verlag.de\\\/wp-content\\\/uploads\\\/2020\\\/06\\\/Der_Wolkenhund_klein.jpg\",\"width\":448,\"height\":320},{\"@type\":\"BreadcrumbList\",\"@id\":\"https:\\\/\\\/www.michael-glueck-verlag.de\\\/index.php\\\/der-wolkenhund\\\/#breadcrumb\",\"itemListElement\":[{\"@type\":\"ListItem\",\"position\":1,\"name\":\"Startseite\",\"item\":\"https:\\\/\\\/www.michael-glueck-verlag.de\\\/\"},{\"@type\":\"ListItem\",\"position\":2,\"name\":\"Der Wolkenhund\"}]},{\"@type\":\"WebSite\",\"@id\":\"https:\\\/\\\/www.michael-glueck-verlag.de\\\/#website\",\"url\":\"https:\\\/\\\/www.michael-glueck-verlag.de\\\/\",\"name\":\"GL\u00dcCK VERLAG\",\"description\":\"Buchverlag\",\"publisher\":{\"@id\":\"https:\\\/\\\/www.michael-glueck-verlag.de\\\/#organization\"},\"potentialAction\":[{\"@type\":\"SearchAction\",\"target\":{\"@type\":\"EntryPoint\",\"urlTemplate\":\"https:\\\/\\\/www.michael-glueck-verlag.de\\\/?s={search_term_string}\"},\"query-input\":{\"@type\":\"PropertyValueSpecification\",\"valueRequired\":true,\"valueName\":\"search_term_string\"}}],\"inLanguage\":\"de\"},{\"@type\":\"Organization\",\"@id\":\"https:\\\/\\\/www.michael-glueck-verlag.de\\\/#organization\",\"name\":\"Gl\u00fcck Verlag\",\"url\":\"https:\\\/\\\/www.michael-glueck-verlag.de\\\/\",\"logo\":{\"@type\":\"ImageObject\",\"inLanguage\":\"de\",\"@id\":\"https:\\\/\\\/www.michael-glueck-verlag.de\\\/#\\\/schema\\\/logo\\\/image\\\/\",\"url\":\"https:\\\/\\\/www.michael-glueck-verlag.de\\\/wp-content\\\/uploads\\\/2020\\\/05\\\/4-Die-Blume-und-das-Reh-3_web.jpg\",\"contentUrl\":\"https:\\\/\\\/www.michael-glueck-verlag.de\\\/wp-content\\\/uploads\\\/2020\\\/05\\\/4-Die-Blume-und-das-Reh-3_web.jpg\",\"width\":383,\"height\":336,\"caption\":\"Gl\u00fcck Verlag\"},\"image\":{\"@id\":\"https:\\\/\\\/www.michael-glueck-verlag.de\\\/#\\\/schema\\\/logo\\\/image\\\/\"}}]}<\/script>\n<!-- \/ Yoast SEO plugin. -->","yoast_head_json":{"title":"Der Wolkenhund ~ GL\u00dcCK VERLAG","description":"Vor langer, langer Zeit lebte einmal eine Hexe. Die wohnte in einem kleinen H\u00e4uschen inmitten eines gro\u00dfen Waldes.","robots":{"index":"index","follow":"follow","max-snippet":"max-snippet:-1","max-image-preview":"max-image-preview:large","max-video-preview":"max-video-preview:-1"},"canonical":"https:\/\/www.michael-glueck-verlag.de\/index.php\/der-wolkenhund\/","og_locale":"de_DE","og_type":"article","og_title":"Der Wolkenhund ~ GL\u00dcCK VERLAG","og_description":"Vor langer, langer Zeit lebte einmal eine Hexe. Die wohnte in einem kleinen H\u00e4uschen inmitten eines gro\u00dfen Waldes.","og_url":"https:\/\/www.michael-glueck-verlag.de\/index.php\/der-wolkenhund\/","og_site_name":"GL\u00dcCK VERLAG","article_modified_time":"2022-06-07T16:24:10+00:00","og_image":[{"width":448,"height":320,"url":"https:\/\/www.michael-glueck-verlag.de\/wp-content\/uploads\/2020\/06\/Der_Wolkenhund_klein.jpg","type":"image\/jpeg"}],"twitter_card":"summary_large_image","twitter_misc":{"Gesch\u00e4tzte Lesezeit":"2\u00a0Minuten"},"schema":{"@context":"https:\/\/schema.org","@graph":[{"@type":"WebPage","@id":"https:\/\/www.michael-glueck-verlag.de\/index.php\/der-wolkenhund\/","url":"https:\/\/www.michael-glueck-verlag.de\/index.php\/der-wolkenhund\/","name":"Der Wolkenhund ~ GL\u00dcCK VERLAG","isPartOf":{"@id":"https:\/\/www.michael-glueck-verlag.de\/#website"},"primaryImageOfPage":{"@id":"https:\/\/www.michael-glueck-verlag.de\/index.php\/der-wolkenhund\/#primaryimage"},"image":{"@id":"https:\/\/www.michael-glueck-verlag.de\/index.php\/der-wolkenhund\/#primaryimage"},"thumbnailUrl":"https:\/\/www.michael-glueck-verlag.de\/wp-content\/uploads\/2020\/06\/Der_Wolkenhund_klein.jpg","datePublished":"2020-06-05T16:13:49+00:00","dateModified":"2022-06-07T16:24:10+00:00","description":"Vor langer, langer Zeit lebte einmal eine Hexe. Die wohnte in einem kleinen H\u00e4uschen inmitten eines gro\u00dfen Waldes.","breadcrumb":{"@id":"https:\/\/www.michael-glueck-verlag.de\/index.php\/der-wolkenhund\/#breadcrumb"},"inLanguage":"de","potentialAction":[{"@type":"ReadAction","target":["https:\/\/www.michael-glueck-verlag.de\/index.php\/der-wolkenhund\/"]}]},{"@type":"ImageObject","inLanguage":"de","@id":"https:\/\/www.michael-glueck-verlag.de\/index.php\/der-wolkenhund\/#primaryimage","url":"https:\/\/www.michael-glueck-verlag.de\/wp-content\/uploads\/2020\/06\/Der_Wolkenhund_klein.jpg","contentUrl":"https:\/\/www.michael-glueck-verlag.de\/wp-content\/uploads\/2020\/06\/Der_Wolkenhund_klein.jpg","width":448,"height":320},{"@type":"BreadcrumbList","@id":"https:\/\/www.michael-glueck-verlag.de\/index.php\/der-wolkenhund\/#breadcrumb","itemListElement":[{"@type":"ListItem","position":1,"name":"Startseite","item":"https:\/\/www.michael-glueck-verlag.de\/"},{"@type":"ListItem","position":2,"name":"Der Wolkenhund"}]},{"@type":"WebSite","@id":"https:\/\/www.michael-glueck-verlag.de\/#website","url":"https:\/\/www.michael-glueck-verlag.de\/","name":"GL\u00dcCK VERLAG","description":"Buchverlag","publisher":{"@id":"https:\/\/www.michael-glueck-verlag.de\/#organization"},"potentialAction":[{"@type":"SearchAction","target":{"@type":"EntryPoint","urlTemplate":"https:\/\/www.michael-glueck-verlag.de\/?s={search_term_string}"},"query-input":{"@type":"PropertyValueSpecification","valueRequired":true,"valueName":"search_term_string"}}],"inLanguage":"de"},{"@type":"Organization","@id":"https:\/\/www.michael-glueck-verlag.de\/#organization","name":"Gl\u00fcck Verlag","url":"https:\/\/www.michael-glueck-verlag.de\/","logo":{"@type":"ImageObject","inLanguage":"de","@id":"https:\/\/www.michael-glueck-verlag.de\/#\/schema\/logo\/image\/","url":"https:\/\/www.michael-glueck-verlag.de\/wp-content\/uploads\/2020\/05\/4-Die-Blume-und-das-Reh-3_web.jpg","contentUrl":"https:\/\/www.michael-glueck-verlag.de\/wp-content\/uploads\/2020\/05\/4-Die-Blume-und-das-Reh-3_web.jpg","width":383,"height":336,"caption":"Gl\u00fcck Verlag"},"image":{"@id":"https:\/\/www.michael-glueck-verlag.de\/#\/schema\/logo\/image\/"}}]}},"jetpack-related-posts":[],"jetpack_shortlink":"https:\/\/wp.me\/PbY91u-2G","jetpack_sharing_enabled":true,"_links":{"self":[{"href":"https:\/\/www.michael-glueck-verlag.de\/index.php\/wp-json\/wp\/v2\/pages\/166","targetHints":{"allow":["GET"]}}],"collection":[{"href":"https:\/\/www.michael-glueck-verlag.de\/index.php\/wp-json\/wp\/v2\/pages"}],"about":[{"href":"https:\/\/www.michael-glueck-verlag.de\/index.php\/wp-json\/wp\/v2\/types\/page"}],"author":[{"embeddable":true,"href":"https:\/\/www.michael-glueck-verlag.de\/index.php\/wp-json\/wp\/v2\/users\/1"}],"replies":[{"embeddable":true,"href":"https:\/\/www.michael-glueck-verlag.de\/index.php\/wp-json\/wp\/v2\/comments?post=166"}],"version-history":[{"count":5,"href":"https:\/\/www.michael-glueck-verlag.de\/index.php\/wp-json\/wp\/v2\/pages\/166\/revisions"}],"predecessor-version":[{"id":228,"href":"https:\/\/www.michael-glueck-verlag.de\/index.php\/wp-json\/wp\/v2\/pages\/166\/revisions\/228"}],"wp:featuredmedia":[{"embeddable":true,"href":"https:\/\/www.michael-glueck-verlag.de\/index.php\/wp-json\/wp\/v2\/media\/167"}],"wp:attachment":[{"href":"https:\/\/www.michael-glueck-verlag.de\/index.php\/wp-json\/wp\/v2\/media?parent=166"}],"curies":[{"name":"wp","href":"https:\/\/api.w.org\/{rel}","templated":true}]}}