{"id":68,"date":"2020-05-04T19:53:31","date_gmt":"2020-05-04T18:53:31","guid":{"rendered":"https:\/\/www.michael-glueck-verlag.de\/?page_id=68"},"modified":"2020-05-04T19:53:31","modified_gmt":"2020-05-04T18:53:31","slug":"datenschutzerklaerung","status":"publish","type":"page","link":"https:\/\/www.michael-glueck-verlag.de\/index.php\/datenschutzerklaerung\/","title":{"rendered":"Datenschutzerkl\u00e4rung"},"content":{"rendered":"\n<h5 class=\"wp-block-heading\"><strong>Wir freuen uns \u00fcber Ihr Interesse an unserer Website. Der Schutz Ihrer Privatsph\u00e4re ist f\u00fcr uns sehr wichtig. Nachstehend informieren wir Sie ausf\u00fchrlich \u00fcber den <\/strong>Umgang mit Ihren Daten.<\/h5>\n\n\n\n<p>Speicherung von Zugriffsdaten in Server-Logfiles.<\/p>\n\n\n\n<p>Sie k\u00f6nnen unsere Webseiten besuchen, ohne Angaben zu Ihrer Person zu machen. Wir speichern lediglich Zugriffsdaten in sogenannten Server-Logfiles, wie z.B. den Namen der angeforderten Datei, Datum und Uhrzeit des Abrufs, \u00fcbertragene Datenmenge und den anfragenden Provider. Diese Daten werden ausschlie\u00dflich zur Sicherstellung eines st\u00f6rungsfreien Betriebs der Seite und zur Verbesserung unseres Angebots ausgewertet und erlauben uns keinen R\u00fcckschluss auf Ihre Person.<\/p>\n\n\n\n<p>Datenerhebung und -verwendung zur Vertragsabwicklung und bei Er\u00f6ffnung eines Kundenkontos<\/p>\n\n\n\n<p>Wir erheben personenbezogene Daten, wenn Sie uns diese im Rahmen Ihrer Anmeldung, bei einer Kontaktaufnahme mit uns (z.B. per Kontaktformular oder E-Mail) freiwillig mitteilen. Welche Daten erhoben werden, ist aus den jeweiligen Eingabeformularen ersichtlich. Wir verwenden die von Ihnen mitgeteilten Daten zur Vertragsabwicklung und Bearbeitung Ihrer Anmeldung. Nach vollst\u00e4ndiger Abwicklung des Vertrages oder L\u00f6schung Ihres Kundenkontos werden Ihre Daten f\u00fcr die weitere Verwendung gesperrt und nach Ablauf der steuer- und handelsrechtlichen Aufbewahrungsfristen gel\u00f6scht, sofern Sie nicht ausdr\u00fccklich in eine weitere Nutzung Ihrer Daten eingewilligt haben oder wir uns eine dar\u00fcber hinausgehende Datenverwendung vorbehalten, die gesetzlich erlaubt ist und \u00fcber die wir Sie nachstehend informieren. Die L\u00f6schung Ihres Kundenkontos ist jederzeit m\u00f6glich und kann entweder durch eine Nachricht an die unten beschriebene Kontaktm\u00f6glichkeit oder \u00fcber eine daf\u00fcr vorgesehene Funktion im Kundenkonto erfolgen.<\/p>\n\n\n\n<p>Datenweitergabe zur Vertragserf\u00fcllung<\/p>\n\n\n\n<p>Zur Vertragserf\u00fcllung geben wir Ihre Daten an das mit der Lieferung beauftragte Versandunternehmen weiter, soweit dies zur Lieferung bestellter Waren erforderlich ist. Je nachdem, welchen Zahlungsdienstleister Sie im Bestellprozess ausw\u00e4hlen, geben wir zur Abwicklung von Zahlungen die hierf\u00fcr erhobenen Zahlungsdaten an das mit der Zahlung beauftragte Kreditinstitut und ggf. von uns beauftragte Zahlungsdienstleister weiter bzw. an den ausgew\u00e4hlten Zahlungsdienst. Zum Teil erheben die ausgew\u00e4hlten Zahlungsdienstleister diese Daten auch selbst, soweit Sie dort ein Konto anlegen. In diesem Fall m\u00fcssen Sie sich im Bestellprozess mit Ihren Zugangsdaten bei dem Zahlungsdienstleister anmelden. Es gilt insoweit die Datenschutzerkl\u00e4rung des jeweiligen Zahlungsdienstleisters.<\/p>\n\n\n\n<p>Datenverwendung f\u00fcr E-Mail-Werbung ohne Newsletter-Anmeldung und Ihr Widerspruchsrecht<\/p>\n\n\n\n<p>Wenn wir Ihre E-Mail-Adresse im Zusammenhang mit dem Verkauf einer&nbsp;&nbsp;Dienstleistung erhalten und Sie dem nicht widersprochen haben, behalten wir uns vor, Ihnen regelm\u00e4\u00dfig Angebote zu \u00e4hnlichen Produkten, wie den bereits gekauften, aus unserem Sortiment per E-Mail zuzusenden. Sie k\u00f6nnen dieser Verwendung Ihrer E-Mail-Adresse jederzeit durch eine Nachricht an die unten beschriebene Kontaktm\u00f6glichkeit oder \u00fcber einen daf\u00fcr vorgesehenen Link in der Werbemail widersprechen, ohne dass hierf\u00fcr andere als die \u00dcbermittlungskosten nach den Basistarifen entstehen.<\/p>\n\n\n\n<p>Datenverwendung f\u00fcr Postwerbung und Ihr Widerspruchsrecht<\/p>\n\n\n\n<p>Dar\u00fcber hinaus behalten wir uns vor, Ihren Vor- und Nachnamen, Ihre Postanschrift und &#8211; soweit wir diese zus\u00e4tzlichen Angaben im Rahmen der Vertragsbeziehung von Ihnen erhalten haben &#8211; Ihren Titel, akademischen Grad, Ihr Geburtsjahr und Ihre Berufs-, Branchen- oder Gesch\u00e4ftsbezeichnung in zusammengefassten Listen zu speichern und f\u00fcr eigene Werbezwecke zu nutzen, z.B. zur Zusendung von interessanten Angeboten und Informationen zu unseren Produkten per Briefpost. Sie k\u00f6nnen der Speicherung und Verwendung Ihrer Daten zu diesen Zwecken jederzeit durch eine Nachricht an die unten beschriebene Kontaktm\u00f6glichkeit widersprechen.<\/p>\n\n\n\n<p>Verwendung von Cookies<\/p>\n\n\n\n<p>Um den Besuch unserer Website attraktiv zu gestalten und die Nutzung bestimmter Funktionen zu erm\u00f6glichen, verwenden wir auf verschiedenen Seiten sogenannte Cookies. Hierbei handelt es sich um kleine Textdateien, die auf Ihrem Endger\u00e4t gespeichert werden. Einige der von uns verwendeten Cookies werden nach Ende der Browser-Sitzung, also nach Schlie\u00dfen Ihres Browsers, wieder gel\u00f6scht (sog. Sitzungs-Cookies). Andere Cookies verbleiben auf Ihrem Endger\u00e4t und erm\u00f6glichen uns, Ihren Browser beim n\u00e4chsten Besuch wiederzuerkennen (persistente Cookies). Sie k\u00f6nnen Ihren Browser so einstellen, dass Sie \u00fcber das Setzen von Cookies informiert werden und einzeln \u00fcber deren Annahme entscheiden oder die Annahme von Cookies f\u00fcr bestimmte F\u00e4lle oder generell ausschlie\u00dfen. Bei der Nichtannahme von Cookies kann die Funktionalit\u00e4t unserer Website eingeschr\u00e4nkt sein.<\/p>\n\n\n\n<p>Einsatz von Google Adwords Conversion Tracking<\/p>\n\n\n\n<p>Diese Website ist dem Online-Werbeprogramm Google AdWords der Google Inc. (www.google.com) angeschlossen. Google verwendet Cookies, damit Unternehmen, die Google f\u00fcr die Schaltung von Anzeigen bezahlen (Inserenten), feststellen k\u00f6nnen, wie viele Personen, die auf ihre Anzeigen klicken, anschlie\u00dfend ihre Produkte kaufen (Conversion-Tracking). Das Cookie f\u00fcr das Conversion-Tracking wird nur dann auf Ihrem Endger\u00e4t gespeichert, wenn Sie auf eine von Google geschaltete Anzeige klicken, bei der sich der Inserent f\u00fcr das Conversion-Tracking entschieden hat. Diese Cookies laufen nach 90 Tagen ab und enthalten keine Informationen, durch die Sie pers\u00f6nlich identifiziert werden k\u00f6nnen. Falls Sie bestimmte Seiten der Website eines Inserenten besuchen und das Cookie noch nicht abgelaufen ist, k\u00f6nnen Google und der Inserent erkennen, dass Sie auf die Anzeige geklickt haben und zu dieser Seite weitergeleitet wurden. Jeder Inserent erh\u00e4lt ein anderes Cookie. Cookies k\u00f6nnen somit nicht \u00fcber die Websites von Inserenten nachverfolgt werden. Wenn Sie Cookies f\u00fcr Conversion-Tracking deaktivieren m\u00f6chten, k\u00f6nnen Sie Ihren Browser so einstellen, dass Cookies von der Domain googleadservices.com blockiert werden.<\/p>\n\n\n\n<p>Einsatz von Google Maps<\/p>\n\n\n\n<p>Diese Website verwendet die Google Maps API, um geographische Informationen visuell darzustellen. Bei der Nutzung von Google Maps werden von Google (Google Inc., 1600 Amphitheatre Parkway, Mountain View, California, 94043) auch Daten \u00fcber die Nutzung der Maps-Funktionen durch Besucher der Webseiten erhoben, verarbeitet und genutzt. N\u00e4here Informationen \u00fcber die Datenverarbeitung durch Google k\u00f6nnen Sie den Datenschutzhinweisen von Google entnehmen, die Sie unter www.google.com\/privacypolicy.html abrufen k\u00f6nnen.<\/p>\n\n\n\n<p>Auskunftsrecht und Kontaktm\u00f6glichkeit<\/p>\n\n\n\n<p>Sie haben ein Recht auf unentgeltliche Auskunft \u00fcber die bei uns zu Ihrer Person gespeicherten Daten sowie ggf. ein Recht auf Berichtigung, Sperrung oder L\u00f6schung dieser Daten. Bei Fragen zur Erhebung, Verarbeitung oder Nutzung Ihrer personenbezogenen Daten, bei Ausk\u00fcnften, Berichtigung, Sperrung oder L\u00f6schung von Daten sowie Widerruf erteilter Einwilligungen oder Widerspruch gegen eine bestimmte Datenverwendung wenden Sie sich bitte direkt an uns \u00fcber die Kontaktdaten in unserem Impressum.<\/p>\n","protected":false},"excerpt":{"rendered":"<p>Wir freuen uns \u00fcber Ihr Interesse an unserer Website. Der Schutz Ihrer Privatsph\u00e4re ist f\u00fcr uns sehr wichtig. Nachstehend informieren wir Sie ausf\u00fchrlich \u00fcber den Umgang mit Ihren Daten. Speicherung von Zugriffsdaten in Server-Logfiles. Sie k\u00f6nnen unsere Webseiten besuchen, ohne Angaben zu Ihrer Person zu machen. Wir speichern lediglich Zugriffsdaten in sogenannten Server-Logfiles, wie z.B. &hellip; <\/p>\n<p class=\"link-more\"><a href=\"https:\/\/www.michael-glueck-verlag.de\/index.php\/datenschutzerklaerung\/\" class=\"more-link\">Continue reading<span class=\"screen-reader-text\"> &#8222;Datenschutzerkl\u00e4rung&#8220;<\/span><\/a><\/p>\n","protected":false},"author":1,"featured_media":0,"parent":0,"menu_order":0,"comment_status":"closed","ping_status":"closed","template":"","meta":{"footnotes":""},"class_list":["post-68","page","type-page","status-publish","hentry"],"yoast_head":"<!-- This site is optimized with the Yoast SEO plugin v27.4 - https:\/\/yoast.com\/product\/yoast-seo-wordpress\/ -->\n<title>Datenschutzerkl\u00e4rung ~ GL\u00dcCK VERLAG<\/title>\n<meta name=\"robots\" content=\"index, follow, max-snippet:-1, max-image-preview:large, max-video-preview:-1\" \/>\n<link rel=\"canonical\" href=\"https:\/\/www.michael-glueck-verlag.de\/index.php\/datenschutzerklaerung\/\" \/>\n<meta property=\"og:locale\" content=\"de_DE\" \/>\n<meta property=\"og:type\" content=\"article\" \/>\n<meta property=\"og:title\" content=\"Datenschutzerkl\u00e4rung ~ GL\u00dcCK VERLAG\" \/>\n<meta property=\"og:description\" content=\"Wir freuen uns \u00fcber Ihr Interesse an unserer Website. Der Schutz Ihrer Privatsph\u00e4re ist f\u00fcr uns sehr wichtig. Nachstehend informieren wir Sie ausf\u00fchrlich \u00fcber den Umgang mit Ihren Daten. Speicherung von Zugriffsdaten in Server-Logfiles. Sie k\u00f6nnen unsere Webseiten besuchen, ohne Angaben zu Ihrer Person zu machen. Wir speichern lediglich Zugriffsdaten in sogenannten Server-Logfiles, wie z.B. &hellip; Continue reading &quot;Datenschutzerkl\u00e4rung&quot;\" \/>\n<meta property=\"og:url\" content=\"https:\/\/www.michael-glueck-verlag.de\/index.php\/datenschutzerklaerung\/\" \/>\n<meta property=\"og:site_name\" content=\"GL\u00dcCK VERLAG\" \/>\n<meta name=\"twitter:card\" content=\"summary_large_image\" \/>\n<meta name=\"twitter:label1\" content=\"Gesch\u00e4tzte Lesezeit\" \/>\n\t<meta name=\"twitter:data1\" content=\"5\u00a0Minuten\" \/>\n<script type=\"application\/ld+json\" class=\"yoast-schema-graph\">{\"@context\":\"https:\\\/\\\/schema.org\",\"@graph\":[{\"@type\":\"WebPage\",\"@id\":\"https:\\\/\\\/www.michael-glueck-verlag.de\\\/index.php\\\/datenschutzerklaerung\\\/\",\"url\":\"https:\\\/\\\/www.michael-glueck-verlag.de\\\/index.php\\\/datenschutzerklaerung\\\/\",\"name\":\"Datenschutzerkl\u00e4rung ~ GL\u00dcCK VERLAG\",\"isPartOf\":{\"@id\":\"https:\\\/\\\/www.michael-glueck-verlag.de\\\/#website\"},\"datePublished\":\"2020-05-04T18:53:31+00:00\",\"breadcrumb\":{\"@id\":\"https:\\\/\\\/www.michael-glueck-verlag.de\\\/index.php\\\/datenschutzerklaerung\\\/#breadcrumb\"},\"inLanguage\":\"de\",\"potentialAction\":[{\"@type\":\"ReadAction\",\"target\":[\"https:\\\/\\\/www.michael-glueck-verlag.de\\\/index.php\\\/datenschutzerklaerung\\\/\"]}]},{\"@type\":\"BreadcrumbList\",\"@id\":\"https:\\\/\\\/www.michael-glueck-verlag.de\\\/index.php\\\/datenschutzerklaerung\\\/#breadcrumb\",\"itemListElement\":[{\"@type\":\"ListItem\",\"position\":1,\"name\":\"Startseite\",\"item\":\"https:\\\/\\\/www.michael-glueck-verlag.de\\\/\"},{\"@type\":\"ListItem\",\"position\":2,\"name\":\"Datenschutzerkl\u00e4rung\"}]},{\"@type\":\"WebSite\",\"@id\":\"https:\\\/\\\/www.michael-glueck-verlag.de\\\/#website\",\"url\":\"https:\\\/\\\/www.michael-glueck-verlag.de\\\/\",\"name\":\"GL\u00dcCK VERLAG\",\"description\":\"Buchverlag\",\"publisher\":{\"@id\":\"https:\\\/\\\/www.michael-glueck-verlag.de\\\/#organization\"},\"potentialAction\":[{\"@type\":\"SearchAction\",\"target\":{\"@type\":\"EntryPoint\",\"urlTemplate\":\"https:\\\/\\\/www.michael-glueck-verlag.de\\\/?s={search_term_string}\"},\"query-input\":{\"@type\":\"PropertyValueSpecification\",\"valueRequired\":true,\"valueName\":\"search_term_string\"}}],\"inLanguage\":\"de\"},{\"@type\":\"Organization\",\"@id\":\"https:\\\/\\\/www.michael-glueck-verlag.de\\\/#organization\",\"name\":\"Gl\u00fcck Verlag\",\"url\":\"https:\\\/\\\/www.michael-glueck-verlag.de\\\/\",\"logo\":{\"@type\":\"ImageObject\",\"inLanguage\":\"de\",\"@id\":\"https:\\\/\\\/www.michael-glueck-verlag.de\\\/#\\\/schema\\\/logo\\\/image\\\/\",\"url\":\"https:\\\/\\\/www.michael-glueck-verlag.de\\\/wp-content\\\/uploads\\\/2020\\\/05\\\/4-Die-Blume-und-das-Reh-3_web.jpg\",\"contentUrl\":\"https:\\\/\\\/www.michael-glueck-verlag.de\\\/wp-content\\\/uploads\\\/2020\\\/05\\\/4-Die-Blume-und-das-Reh-3_web.jpg\",\"width\":383,\"height\":336,\"caption\":\"Gl\u00fcck Verlag\"},\"image\":{\"@id\":\"https:\\\/\\\/www.michael-glueck-verlag.de\\\/#\\\/schema\\\/logo\\\/image\\\/\"}}]}<\/script>\n<!-- \/ Yoast SEO plugin. -->","yoast_head_json":{"title":"Datenschutzerkl\u00e4rung ~ GL\u00dcCK VERLAG","robots":{"index":"index","follow":"follow","max-snippet":"max-snippet:-1","max-image-preview":"max-image-preview:large","max-video-preview":"max-video-preview:-1"},"canonical":"https:\/\/www.michael-glueck-verlag.de\/index.php\/datenschutzerklaerung\/","og_locale":"de_DE","og_type":"article","og_title":"Datenschutzerkl\u00e4rung ~ GL\u00dcCK VERLAG","og_description":"Wir freuen uns \u00fcber Ihr Interesse an unserer Website. Der Schutz Ihrer Privatsph\u00e4re ist f\u00fcr uns sehr wichtig. Nachstehend informieren wir Sie ausf\u00fchrlich \u00fcber den Umgang mit Ihren Daten. Speicherung von Zugriffsdaten in Server-Logfiles. Sie k\u00f6nnen unsere Webseiten besuchen, ohne Angaben zu Ihrer Person zu machen. Wir speichern lediglich Zugriffsdaten in sogenannten Server-Logfiles, wie z.B. &hellip; Continue reading \"Datenschutzerkl\u00e4rung\"","og_url":"https:\/\/www.michael-glueck-verlag.de\/index.php\/datenschutzerklaerung\/","og_site_name":"GL\u00dcCK VERLAG","twitter_card":"summary_large_image","twitter_misc":{"Gesch\u00e4tzte Lesezeit":"5\u00a0Minuten"},"schema":{"@context":"https:\/\/schema.org","@graph":[{"@type":"WebPage","@id":"https:\/\/www.michael-glueck-verlag.de\/index.php\/datenschutzerklaerung\/","url":"https:\/\/www.michael-glueck-verlag.de\/index.php\/datenschutzerklaerung\/","name":"Datenschutzerkl\u00e4rung ~ GL\u00dcCK VERLAG","isPartOf":{"@id":"https:\/\/www.michael-glueck-verlag.de\/#website"},"datePublished":"2020-05-04T18:53:31+00:00","breadcrumb":{"@id":"https:\/\/www.michael-glueck-verlag.de\/index.php\/datenschutzerklaerung\/#breadcrumb"},"inLanguage":"de","potentialAction":[{"@type":"ReadAction","target":["https:\/\/www.michael-glueck-verlag.de\/index.php\/datenschutzerklaerung\/"]}]},{"@type":"BreadcrumbList","@id":"https:\/\/www.michael-glueck-verlag.de\/index.php\/datenschutzerklaerung\/#breadcrumb","itemListElement":[{"@type":"ListItem","position":1,"name":"Startseite","item":"https:\/\/www.michael-glueck-verlag.de\/"},{"@type":"ListItem","position":2,"name":"Datenschutzerkl\u00e4rung"}]},{"@type":"WebSite","@id":"https:\/\/www.michael-glueck-verlag.de\/#website","url":"https:\/\/www.michael-glueck-verlag.de\/","name":"GL\u00dcCK VERLAG","description":"Buchverlag","publisher":{"@id":"https:\/\/www.michael-glueck-verlag.de\/#organization"},"potentialAction":[{"@type":"SearchAction","target":{"@type":"EntryPoint","urlTemplate":"https:\/\/www.michael-glueck-verlag.de\/?s={search_term_string}"},"query-input":{"@type":"PropertyValueSpecification","valueRequired":true,"valueName":"search_term_string"}}],"inLanguage":"de"},{"@type":"Organization","@id":"https:\/\/www.michael-glueck-verlag.de\/#organization","name":"Gl\u00fcck Verlag","url":"https:\/\/www.michael-glueck-verlag.de\/","logo":{"@type":"ImageObject","inLanguage":"de","@id":"https:\/\/www.michael-glueck-verlag.de\/#\/schema\/logo\/image\/","url":"https:\/\/www.michael-glueck-verlag.de\/wp-content\/uploads\/2020\/05\/4-Die-Blume-und-das-Reh-3_web.jpg","contentUrl":"https:\/\/www.michael-glueck-verlag.de\/wp-content\/uploads\/2020\/05\/4-Die-Blume-und-das-Reh-3_web.jpg","width":383,"height":336,"caption":"Gl\u00fcck Verlag"},"image":{"@id":"https:\/\/www.michael-glueck-verlag.de\/#\/schema\/logo\/image\/"}}]}},"jetpack-related-posts":[],"jetpack_shortlink":"https:\/\/wp.me\/PbY91u-16","jetpack_sharing_enabled":true,"_links":{"self":[{"href":"https:\/\/www.michael-glueck-verlag.de\/index.php\/wp-json\/wp\/v2\/pages\/68","targetHints":{"allow":["GET"]}}],"collection":[{"href":"https:\/\/www.michael-glueck-verlag.de\/index.php\/wp-json\/wp\/v2\/pages"}],"about":[{"href":"https:\/\/www.michael-glueck-verlag.de\/index.php\/wp-json\/wp\/v2\/types\/page"}],"author":[{"embeddable":true,"href":"https:\/\/www.michael-glueck-verlag.de\/index.php\/wp-json\/wp\/v2\/users\/1"}],"replies":[{"embeddable":true,"href":"https:\/\/www.michael-glueck-verlag.de\/index.php\/wp-json\/wp\/v2\/comments?post=68"}],"version-history":[{"count":2,"href":"https:\/\/www.michael-glueck-verlag.de\/index.php\/wp-json\/wp\/v2\/pages\/68\/revisions"}],"predecessor-version":[{"id":70,"href":"https:\/\/www.michael-glueck-verlag.de\/index.php\/wp-json\/wp\/v2\/pages\/68\/revisions\/70"}],"wp:attachment":[{"href":"https:\/\/www.michael-glueck-verlag.de\/index.php\/wp-json\/wp\/v2\/media?parent=68"}],"curies":[{"name":"wp","href":"https:\/\/api.w.org\/{rel}","templated":true}]}}